{"id":281,"date":"2018-11-13T20:45:40","date_gmt":"2018-11-13T19:45:40","guid":{"rendered":"http:\/\/www.wienerwaldhornverein.at\/?page_id=281"},"modified":"2020-12-14T09:15:22","modified_gmt":"2020-12-14T08:15:22","slug":"gallerie","status":"publish","type":"page","link":"https:\/\/wienerwaldhornverein.at\/en\/gallerie\/","title":{"rendered":"GALLERY"},"content":{"rendered":"<p><a href=\"https:\/\/www.facebook.com\/pg\/WienerWaldhornverein\/photos\/\">Bildergallerie auf Facebook<\/a><\/p>\n<p><a href=\"https:\/\/wienerwaldhornverein.at\/en\/konzert-in-moellersdorf-2019\/\">Konzert in M\u00f6llersdorf 2019<\/a><br \/>\n<a href=\"https:\/\/wienerwaldhornverein.at\/en\/schottlandtour-2017\/\">Schottland Tour 2017<\/a><br \/>\n<a href=\"https:\/\/wienerwaldhornverein.at\/en\/konzert-in-drosendorf-2016\/\">Konzert in Drosendorf 2016<\/a><br \/>\n<a href=\"https:\/\/wienerwaldhornverein.at\/en\/schottland-tour-2012\/\">Schottland Tour 2012<\/a><br \/>\n<a href=\"https:\/\/wienerwaldhornverein.at\/en\/eroeffnungskonzert-des-hornsommers-in-drosendorf\/\">Er\u00f6ffnungskonzert des Hornsommers in Drosendorf<\/a><br \/>\n<a href=\"https:\/\/wienerwaldhornverein.at\/en\/wwv-im-grossen-saal-des-wiener-musikvereines-2008\/\">WWV im gro\u00dfen Saal des Wiener Musikvereines 2008<\/a><br \/>\n<a href=\"https:\/\/wienerwaldhornverein.at\/en\/wwv-scottish-tour\/\">WWV Scottish Tour<\/a><br \/>\n<a href=\"https:\/\/wienerwaldhornverein.at\/en\/weihnachtsfeier-2007-beim-herlitschka\/\">Weihnachtsfeier 2007 beim Herlitschka<\/a><br \/>\n<a href=\"https:\/\/wienerwaldhornverein.at\/en\/konzert-in-bockfliess-2007\/\">Konzert in Bockflie\u00df 2007<\/a><br \/>\n<a href=\"https:\/\/wienerwaldhornverein.at\/en\/konzert-in-hainfeld-2007\/\">Konzert in Hainfeld 2007<\/a><br \/>\n<a href=\"https:\/\/wienerwaldhornverein.at\/en\/konzert-im-theresianum-wien-im-april-2007-mit-dem-jdhc\/\">Konzert im Theresianum Wien im April 2007 mit dem JDHC<\/a><br \/>\n<a href=\"https:\/\/wienerwaldhornverein.at\/en\/konzert-in-stift-rein-2007\/\">Konzert in Stift Rein 2007<\/a><\/p>","protected":false},"excerpt":{"rendered":"<p>Bildergallerie auf Facebook Konzert in M\u00f6llersdorf 2019 Schottland Tour 2017 Konzert in Drosendorf 2016 Schottland Tour 2012 Er\u00f6ffnungskonzert des Hornsommers in Drosendorf WWV im gro\u00dfen Saal des Wiener Musikvereines 2008 WWV Scottish Tour Weihnachtsfeier 2007 beim Herlitschka Konzert in Bockflie\u00df &hellip; <a href=\"https:\/\/wienerwaldhornverein.at\/en\/gallerie\/\">Continue reading <span class=\"meta-nav\">&rarr;<\/span><\/a><\/p>","protected":false},"author":1,"featured_media":0,"parent":0,"menu_order":0,"comment_status":"closed","ping_status":"closed","template":"","meta":{"footnotes":""},"class_list":["post-281","page","type-page","status-publish","hentry"],"_links":{"self":[{"href":"https:\/\/wienerwaldhornverein.at\/en\/wp-json\/wp\/v2\/pages\/281","targetHints":{"allow":["GET"]}}],"collection":[{"href":"https:\/\/wienerwaldhornverein.at\/en\/wp-json\/wp\/v2\/pages"}],"about":[{"href":"https:\/\/wienerwaldhornverein.at\/en\/wp-json\/wp\/v2\/types\/page"}],"author":[{"embeddable":true,"href":"https:\/\/wienerwaldhornverein.at\/en\/wp-json\/wp\/v2\/users\/1"}],"replies":[{"embeddable":true,"href":"https:\/\/wienerwaldhornverein.at\/en\/wp-json\/wp\/v2\/comments?post=281"}],"version-history":[{"count":14,"href":"https:\/\/wienerwaldhornverein.at\/en\/wp-json\/wp\/v2\/pages\/281\/revisions"}],"predecessor-version":[{"id":968,"href":"https:\/\/wienerwaldhornverein.at\/en\/wp-json\/wp\/v2\/pages\/281\/revisions\/968"}],"wp:attachment":[{"href":"https:\/\/wienerwaldhornverein.at\/en\/wp-json\/wp\/v2\/media?parent=281"}],"curies":[{"name":"wp","href":"https:\/\/api.w.org\/{rel}","templated":true}]}}