{"id":45,"date":"2018-07-01T20:03:30","date_gmt":"2018-07-01T18:03:30","guid":{"rendered":"http:\/\/www.wienerwaldhornverein.at\/TEST2\/?page_id=45"},"modified":"2023-01-09T18:00:29","modified_gmt":"2023-01-09T17:00:29","slug":"news","status":"publish","type":"page","link":"https:\/\/wienerwaldhornverein.at\/en\/news\/","title":{"rendered":"BLOG"},"content":{"rendered":"<p><b>2012-07-23 &#8211; Ein Brief aus dem Clarence House<\/b><\/p>\n<p>Nach dem der WWV auf seiner letzten Schottland Tournee die Ehre hatte vor der Royal Family (<i>Prince Charles &amp; Camilla, Prince William &amp; Kate ua.<\/i>) im Rahmen der k\u00f6niglichen Ostermesse zu spielen, erreichte uns nun \u00fcber unser\u00a0<b>Ehrenmitglied Martin Prowse<\/b>\u00a0ein Dankschreiben von\u00a0<b>Prince Charles<\/b>\u00a0(also in seinem Namen, aber wer wird denn schon so kleinlich sein&#8230;)<br \/>\n<a title=\"Dankschreiben Prince Charles\" href=\"https:\/\/wienerwaldhornverein.at\/en\/Downloads\/PrinceCharlesLetter.pdf\/\"><img loading=\"lazy\" decoding=\"async\" title=\"Dankschreiben Prince Charles\" src=\"https:\/\/wienerwaldhornverein.at\/Pictures\/PrinceCharlesLetter_small.jpg\" alt=\"Dankschreiben von Prince Charles, Juni 2012\" width=\"197\" height=\"300\" \/><\/a><\/p>\n<p>Wir freuen uns sehr und hoffen auf ein Wiedersehen.<\/p>\n<hr \/>\n<p><b>2012-05-01 &#8211; Zur\u00fcck aus Schottland<\/b><\/p>\n<p>Wir sind nach unserer nun bereits dritten Tournee nach Schottland zur\u00fcck in Wien.<br \/>\nEs war wieder eine fantastische Zeit bei unseren Freunden in den Highlands, bei denen wir uns wieder bedanken m\u00fcssen f\u00fcr das grandiose &#8218;rundum-sorglos&#8216; Paket.<br \/>\nBesonderer Dank (eigentlich wie immer) gilt Marshall Halliday, Sarah Moss, Symone &amp; Norman Macdougall und Martin Prowse.<br \/>\nUnd nat\u00fcrlich &#8222;unserer&#8220; Shirley Civil-Hopkins!!<br \/>\nEinige Bilder der Reise sind nun in der\u00a0<b><a title=\"Schottland 2012\" href=\"https:\/\/wienerwaldhornverein.at\/en\/gallerie\/\">Gallerie\u00a0<\/a><\/b>zu sehen.<\/p>\n<p>Neben den drei Konzerten war diesmal der eindeutige H\u00f6hepunkt die Mitwirkung bei der k\u00f6niglichen Ostermesse in der Crathie Church nahe des Schlosses Balmoral, der neben Prince Charles auch Camilla, Prince William &amp; Kate u.a. beiwohnten.<br \/>\nEine besondere Ehre f\u00fcr den Wiener Waldhornverein.<\/p>\n<p>Nat\u00fcrlich wurde auch wieder ein Fussballmatch (Danke Florian) und diesmal auch das Hampdon Park Stadion besucht (das Museum im Hampdon Park ist sehr zu empfehlen).<\/p>\n<p>Die eine oder andere H\u00f6rprobe wird demn\u00e4chst auch im Playerbereich landen, und vielleicht gibts auch noch ein Video&#8230;<\/p>\n<hr \/>\n<p><b>2011-04-02 &#8211; Video &#8211; Der Kasperl in der Schlucht<\/b><\/p>\n<p>Was machen 11 Hornisten, wenn Sie eine Schlucht in Schottland entdecken?<br \/>\nGanz einfach, Sie klettern hinunter und spielen dort die<br \/>\n&#8218;Kasperl in der Schlucht Polka&#8216;.<\/p>\n<p><a title=\"Kasperl in der Schlucht\" href=\"https:\/\/wienerwaldhornverein.at\/en\/Downloads\/kasperl_in_der_schlucht.mp4\/\" target=\"_blank\" rel=\"noopener noreferrer\"><img loading=\"lazy\" decoding=\"async\" title=\"Kasperl in der Schlucht\" src=\"https:\/\/wienerwaldhornverein.at\/Pictures\/Kasperl.jpg\" alt=\"11 Hornisten in der Sandbed Schlucht\" width=\"250\" height=\"188\" align=\"bottom\" \/><\/a><br \/>\nauf das Bild klicken um Video zu starten<\/p>\n<hr \/>\n<p><b>2010-08-22 &#8211; Kurier Vorank\u00fcndigung<\/b><\/p>\n<p>Durchaus mit ein bi\u00dfchen Stolz entdeckten wir in der Tageszeitung &#8222;Kurier&#8220; eine Vorank\u00fcndigung unseres Konzertes in der Schubertkirche:<\/p>\n<p><a title=\"Kurier Ank\u00fcndigung Gro\u00df\" href=\"https:\/\/wienerwaldhornverein.at\/Pictures\/WWV-Kurier_small.jpg\" target=\"_blank\" rel=\"noopener noreferrer\"><img decoding=\"async\" src=\"https:\/\/wienerwaldhornverein.at\/Pictures\/WWV-Kurier_small.jpg\" \/><\/a><\/p>\n<p>f\u00fcr gro\u00dfe Ansicht bitte aufs Bild klicken<\/p>\n<p>&#8230;nur ein halber Stern weniger wie die Staatskapelle Dresden, Hillary Hahn und das City of Birmingham Symphony&#8230;.<br \/>\nVielen Dank<\/p>\n<hr \/>\n<p><b>2010-08-21 &#8211; Konzert Schubertkirche Lichtental<\/b><\/p>\n<p>Unser n\u00e4chstes Konzert r\u00fcckt n\u00e4her:<\/p>\n<ul>\n<li>\u00a024.08.2010 um 19:30<\/li>\n<li>\u00a0Schubertkirche Lichtental<\/li>\n<li>\u00a0Marktgasse 40, 1090 Wien<\/li>\n<\/ul>\n<hr \/>\n<p><b>2010-08-09 &#8211; Er\u00f6ffnungskonzert Hornsommer Drosendorf<\/b><\/p>\n<p>Ein paar Fotos von unserem Konzert in Drosendorf sind nun in der\u00a0<a title=\"Gallerie\" href=\"https:\/\/wienerwaldhornverein.at\/en\/Gallerie\/\">Gallerie<\/a>\u00a0online.<\/p>\n<p>Vielen herzlichen Dank an unsere Fotografin\u00a0<a title=\"Judith Ziegler\" href=\"https:\/\/wienerwaldhornverein.at\/Pictures\/Drosendorf2010\/Drosendorf_2010_73.JPG\" target=\"_top\" rel=\"noopener noreferrer\">Judith Ziegler<\/a>!<\/p>\n<hr \/>\n<p><b>2010-06-09 &#8211; Sommerkonzerte<\/b><\/p>\n<p>Im Sommer wird der WWV zwei Konzerte geben,<\/p>\n<ul>\n<li>am 8.8.2010 um 19:00 das Er\u00f6ffnungskonzert des Drosendorfer Hornsommer&#8217;s<\/li>\n<li>am 24.8.2010 um 19:30 in der Schubertkirche Lichtental, 1090 Wien<\/li>\n<\/ul>\n<hr \/>\n<p><b>2010-04-05 &#8211; WWV aus Schottland zur\u00fcckgekehrt<\/b><\/p>\n<p>Wir sind wieder zur\u00fcck!<br \/>\nFotos von einer coolen Reise nach Schottland demn\u00e4chst in der Gallerie<br \/>\n(und vielleicht auch ein paar neue H\u00f6rproben&#8230;..mal sehen&#8230;.)<\/p>\n<hr \/>\n<p><b>2010-03-19 &#8211; \u00d6ffentliche GP des WWV&#8217;s zur Schottland Tournee 2010<\/b><\/p>\n<p>Am 25.3.2010 veranstaltet der WWV eine &#8218;\u00f6ffentliche Generalprobe&#8216; f\u00fcr unsere Schottland Tournee 2010.<br \/>\nOrt:Hegelgasse 14, Festsaal<br \/>\nWann: 25.3.2010 um 20:15<\/p>\n<p>Eintritt: freie Spenden<\/p>\n<hr \/>\n<p><b>2009-02-25 &#8211; WWV trauert um MagMag. Alexander Kloss<\/b><\/p>\n<p>Pl\u00f6tzlich und unerwartet ist Alexander, ein langj\u00e4hriges Mitglied von uns gegangen. Noch viel zu jung um zu sterben, hinterl\u00e4sst Alexander seine Frau, sein 4 j\u00e4hriges Kind und eine gro\u00dfe L\u00fccke in der Hornistengemeinschaft. Auch wenn er in den letzten Jahren aufgrund seiner beruflichen T\u00e4tigkeit nicht mehr aktiv im WWV t\u00e4tig war, hat er uns dennoch immer wieder in seiner Funktion als Steuerberater und Wirtschaftsexperte mit Rat und Tat zur Seite gestanden. Viele von uns haben noch mit Alexander gemeinsam studiert&#8230;.unser ganzes Beileid und Mitgef\u00fchl gilt der Familie, seiner Frau und seinem Kind. Ihnen w\u00fcnschen wir alle Kraft um mit dieser furchtbaren Situation so gut wie m\u00f6glich fertig zu werden&#8230;.machs gut Alex<\/p>\n<hr \/>\n<p><b>2008-08-10 &#8211; Sommerkonzerte 2008<\/b><\/p>\n<p>Der Sommer bescherte dem WWV einen wahren Konzertmarathon. 5 Konzerte wurden gespielt auf Burg Kreuzenstein, auf der Seeb\u00fchne Waldhausen, bei Pro Horn in Mitterndorf, bei den Waldviertler Horntagen in Drosendorf und in der Schubertkirche Lichtental in Wien.<\/p>\n<p>Bilder vom Konzert in Drosendorf findet ihr in der\u00a0<a title=\"zur Gallerie\" href=\"https:\/\/wienerwaldhornverein.at\/en\/gallerie\/\">Gallerie<\/a><br \/>\n(Vielen Dank an Balduin Wetter f\u00fcr die Fotos)<\/p>\n<p>Vielen Dank an alle Beteiligten<\/p>\n<hr \/>\n<p><b>2008-03-24 &#8211; WWV wieder aus Schottland zur\u00fcckgekehrt<\/b><\/p>\n<p>Der Wiener Waldhornverein ist\u00a0am 23.3. wieder aus Schottland zur\u00fcckgekehrt, wo der Verein eine sehr erfolgreiche und lustige Woche bei den Freunden der Vienna Horns of Scotland verbracht hat.<\/p>\n<p>Auf Seiten des WWV&#8217;s dabei waren:<br \/>\nHannes Marehard, Florian Janezic, Michael Wachter, Marianne K\u00f6gel,<br \/>\nDominic Bischof, David Scarr, Takeshi Izumi, David Kammerzelt, Oliver Gilg,<br \/>\nPeter Hofmayer, Peter Putzer, Roland Fritsch<br \/>\n&amp; der musikalische Leiter Prof. Franz S\u00f6llner.<\/p>\n<p>Die ersten Fotos sind bereits in der\u00a0<a title=\"Hier gehts zu den Schottland Fotos\" href=\"https:\/\/wienerwaldhornverein.at\/en\/gallerie\/\">Gallerie<\/a>. Ein Reisebericht folgt an dieser Stelle.<\/p>\n<p>Die Tournee\u00a0wurde unterst\u00fctzt von:<\/p>\n<p><img loading=\"lazy\" decoding=\"async\" title=\"Austrian Cultural Forum London\" src=\"https:\/\/wienerwaldhornverein.at\/Pictures\/acf.gif\" width=\"150\" height=\"13\" border=\"0\" \/><\/p>\n<p><img loading=\"lazy\" decoding=\"async\" src=\"https:\/\/wienerwaldhornverein.at\/Pictures\/Wien_Kultur_Logo_2c.jpg\" width=\"150\" height=\"75\" border=\"0\" \/>\u00a0 \u00a0\u00a0<img decoding=\"async\" src=\"https:\/\/wienerwaldhornverein.at\/Pictures\/Helma_logo.jpg\" border=\"0\" \/><\/p>\n<p><strong>Fa. Andreas\u00a0Jungwirth<\/strong><\/p>\n<p>Der WWV bedankt sich herzlich bei allen Sponsoren!<\/p>\n<hr \/>\n<p><b>2008-03-15 &#8211; Gastauftritt im goldenen Saal des Wiener Musikvereines<\/b><\/p>\n<p>Am 15.3. hatte der WWV einen Gastauftritt im goldenen Saal des Wiener Musikvereines, anl\u00e4sslich des Festkonzertes des<br \/>\n<strong>Tokai Universit\u00e4tsorchesters Tokio<\/strong>.<br \/>\nGespielt wurde die Urauff\u00fchrung &#8222;<strong>The Battle of the Stirling Bridge<\/strong>&#8220;<br \/>\nvon\u00a0<strong>Florian Janezic<\/strong>, Composer in Residence des WWV&#8217;s, und das<br \/>\n<strong>Scherzo aus der 4.Symphonie von Anton Bruckner<\/strong>\u00a0in der Bearbeitung von\u00a0<strong>Prof.Friedrich Gabler<\/strong>.<\/p>\n<p>zu den Bildern<\/p>\n<hr \/>\n<p><b>2007-12-17 &#8211; Nachlese Konzert in Mauer\/Loosdorf<\/b><\/p>\n<p>In Gro\u00dfbesetzung (12 H\u00f6rner)\u00a0trat der WWV in der kalten Kirche von Mauer\/Loosdorf auf. Die Anreise war etwas problematisch, da ein Wintereinruch die Autobahn in eine Skipiste verwandelt hat ,daher war auch die Anspielprobe k\u00fcrzer, als geplant.<\/p>\n<p>Die Kirche war bis zum letzten Platz gef\u00fcllt und es war ein stimmiges und sch\u00f6nes Konzert ,bei dem uA Titanic, Queen Elizabeth I und 2 blaue Augen von Gustav Mahler aufgef\u00fchrt wurden. Der WWV bedankt sich beim Veranstalter Herbert Stockinger, leider war es nach dem Konzert zu kalt, sodass der Punsch und der Kuchen vor der Kirche so rasch als m\u00f6glich &#8222;vernichtet&#8220; wurde&#8230;Fotos folgen<\/p>\n<hr \/>\n<p><b>2007-11-25 &#8211; Konzert in Bockflie\u00df<\/b><br \/>\nUnser Konzert in Bockflie\u00df war ein gro\u00dfer Erfolg. Knapp 200 Zuh\u00f6rer kamen trotz schlechtem Wetter in die Stadtkirche Bockflie\u00df, um Werke von Bruckner (7. &amp; 8. Symphonie), Horner (Titanic), Mahler (Urlicht), Janezic (Im finsteren Wald, Queen Elisabeth I.) uva. zu h\u00f6ren. Mit\u00a0<strong><em>Christina Hofmayer<\/em><\/strong>(Urlicht) und\u00a0<strong><em>Normen Handrow<\/em><\/strong>\u00a0(Concert Polka, Ulanenritt)\u00a0\u00a0konnte der WWV auch zwei herrausragende Solisten aufbieten. Nochmals vielen Dank den Organisatoren der\u00a0JBK Bockflie\u00df\u00a0<strong><em>Evi Wannemacher<\/em><\/strong>\u00a0und Normen Handrow. Ebenfalls bedanken wir uns bei\u00a0<strong><em>Karin Meissl\u00a0<\/em><\/strong>(Philharmonisches Orchester Graz), die uns durchs Konzert &#8222;gepaukt&#8220; hat.<\/p>\n<hr \/>\n<p><b>2007-11-15 &#8211; WWV Collection: Die neuen WWV Polos sind da<\/b><br \/>\nEndlich ist es soweit, unsere Polos mit gesticktem Logo sind da und erg\u00e4nzen jetzt die WWV Collection. Neben den Caps ein &#8222;Must have&#8220; f\u00fcr Mitglieder und Fans. \ud83d\ude42<\/p>\n<table style=\"border-collapse: collapse; width: 92.5649%; height: 342px;\" border=\"1\">\n<tbody>\n<tr>\n<td style=\"width: 50%;\"><img decoding=\"async\" title=\"WWV Polo\" src=\"https:\/\/wienerwaldhornverein.at\/Pictures\/Polo%20Logo.jpg\" border=\"0\" \/><\/td>\n<td style=\"width: 50%;\"><img decoding=\"async\" class=\"\" title=\"Cap mit Logo\" src=\"https:\/\/wienerwaldhornverein.at\/Pictures\/Cap%20Logo.jpg\" border=\"0\" \/><\/td>\n<\/tr>\n<tr>\n<td style=\"width: 50%;\">Polo mit gesticktem Logo, 20\u20ac<\/td>\n<td style=\"width: 50%;\">Das schon legend\u00e4re Cap, 15\u20ac<\/td>\n<\/tr>\n<\/tbody>\n<\/table>","protected":false},"excerpt":{"rendered":"<p>2012-07-23 &#8211; Ein Brief aus dem Clarence House Nach dem der WWV auf seiner letzten Schottland Tournee die Ehre hatte vor der Royal Family (Prince Charles &amp; Camilla, Prince William &amp; Kate ua.) im Rahmen der k\u00f6niglichen Ostermesse zu spielen, &hellip; <a href=\"https:\/\/wienerwaldhornverein.at\/en\/news\/\">Continue reading <span class=\"meta-nav\">&rarr;<\/span><\/a><\/p>","protected":false},"author":1,"featured_media":0,"parent":0,"menu_order":0,"comment_status":"closed","ping_status":"closed","template":"","meta":{"footnotes":""},"class_list":["post-45","page","type-page","status-publish","hentry"],"_links":{"self":[{"href":"https:\/\/wienerwaldhornverein.at\/en\/wp-json\/wp\/v2\/pages\/45","targetHints":{"allow":["GET"]}}],"collection":[{"href":"https:\/\/wienerwaldhornverein.at\/en\/wp-json\/wp\/v2\/pages"}],"about":[{"href":"https:\/\/wienerwaldhornverein.at\/en\/wp-json\/wp\/v2\/types\/page"}],"author":[{"embeddable":true,"href":"https:\/\/wienerwaldhornverein.at\/en\/wp-json\/wp\/v2\/users\/1"}],"replies":[{"embeddable":true,"href":"https:\/\/wienerwaldhornverein.at\/en\/wp-json\/wp\/v2\/comments?post=45"}],"version-history":[{"count":18,"href":"https:\/\/wienerwaldhornverein.at\/en\/wp-json\/wp\/v2\/pages\/45\/revisions"}],"predecessor-version":[{"id":980,"href":"https:\/\/wienerwaldhornverein.at\/en\/wp-json\/wp\/v2\/pages\/45\/revisions\/980"}],"wp:attachment":[{"href":"https:\/\/wienerwaldhornverein.at\/en\/wp-json\/wp\/v2\/media?parent=45"}],"curies":[{"name":"wp","href":"https:\/\/api.w.org\/{rel}","templated":true}]}}