{"id":53,"date":"2018-07-01T20:04:50","date_gmt":"2018-07-01T18:04:50","guid":{"rendered":"http:\/\/www.wienerwaldhornverein.at\/TEST2\/?page_id=53"},"modified":"2020-12-14T09:15:56","modified_gmt":"2020-12-14T08:15:56","slug":"vorstand","status":"publish","type":"page","link":"https:\/\/wienerwaldhornverein.at\/en\/vorstand\/","title":{"rendered":"VORSTAND"},"content":{"rendered":"<p style=\"text-align: justify;\"><img loading=\"lazy\" decoding=\"async\" class=\"alignleft\" style=\"float: left;\" src=\"https:\/\/www.wienerwaldhornverein.at\/wp-content\/uploads\/2018\/07\/Albert-Heitzinger-5.jpg\" alt=\"\" width=\"114\" height=\"159\" \/>Name: <strong>Em. Prof. Mag. Albert Heitzinger<\/strong><br \/>\nPosition: Pr\u00e4sident<\/p>\n<p style=\"text-align: justify;\">Albert Heitzinger wurde 1947 in Lambach (\u00d6sterreich) geboren. Erster Hornunterricht bei Prof. Erich Pizka am Linzer Bruckner-Konservatorium. Fortf\u00fchrung und Abschluss des Studiums bei Prof. Josef Veleba an der Hochschule f\u00fcr Musik und darstellende Kunst in Wien (heute: Musikuniversit\u00e4t). Erstes Engagement im Orchester des Wiener Burgtheaters, sp\u00e4ter im Staatsopern-B\u00fchnenorchester und im Orchester des Theaters an der Wien. Lehrt\u00e4tigkeiten im O\u00d6. Landesmusikschulwerk, dem Bruckner-Konservatorium in Linz und an der Linzer Anton Bruckner Universit\u00e4t. Rege Substituten T\u00e4tigkeit bei den Wiener Philharmonikern, im Wiener Staatsopernorchester, den Wiener Symphonikern, im ORF Symphonieorchester und bei der Camerata Salzburg unter L. Bernstein, L. Maazel, C. Kleiber, C. Abbado, Z. Mehta, S. V\u00e9gh, Nikolaus Harnoncourt, Sir Roger Norrington, Andris Nelson u. a.Aufnahmen und Konzerte auf dem Naturhorn mit dem L\u2019Orfeo Barockorchester und dem L\u2019Orfeo Bl\u00e4serensemble, Ars Antiqua Austria, Wiener Akademie und L\u2019Harpa Festante M\u00fcnchen. Mitwirkung mit bei den Wiener Virtuosen und beim Ensemble Kontrapunkte, Wien. Bl\u00e4serkammermusik mit dem Ensemble Octogon und dem Wiener Bl\u00e4seroktett. Au\u00dferdem ist er Gr\u00fcndungsmitglied des \u00f6sterreichischen Ensembles Vienna Horns.<\/p>\n<hr \/>\n<p style=\"text-align: justify;\"><img decoding=\"async\" class=\"alignleft\" style=\"float: left;\" src=\"https:\/\/wienerwaldhornverein.at\/Pictures\/Roland%201.jpg\" alt=\"\" \/>Name: <strong>Roland Fritsch<\/strong><br \/>\nPosition: Vize-Pr\u00e4sident<\/p>\n<p style=\"text-align: justify;\">Studierte zuerst bei Prof. Klaus Zajer und dann bei Robert Lorenzi. Mitglied im Akademischen Symphonie Orchester Wien, dem Ensemble Wien Klang, ua Substitutent\u00e4tigkeit in den B\u00fchnenorchestern der Wiener Staatsoper und der Volksoper, Konzertreisen im In- und Ausland.<\/p>\n<hr \/>\n<p style=\"text-align: justify;\"><img decoding=\"async\" class=\"alignleft\" style=\"float: left;\" src=\"https:\/\/wienerwaldhornverein.at\/Pictures\/Vorstand\/Azis.jpg\" alt=\"\" \/>Name: <strong>Azis Sadikovic<\/strong><br \/>\nPosition: K\u00fcnstlerischer Leiter<\/p>\n<p style=\"text-align: justify;\">Azis Sadikovic wurde 1983 in Wien geboren und begann noch w\u00e4hrend seiner Schulzeit mit dem Violinstudium bei Prof. Werner Hink am Konservatorium der Stadt Wien. Nach zahlreichen nationalen und internationalen Wettbewerben und Konzertauftritten begann Azis Sadikovic 2004 sein Dirigierstudium bei Prof. Georg Mark ebenfalls am Konservatorium der Stadt Wien, welches er 2008 mit Auszeichnung abschloss und mit seinem Pr\u00fcfungskonzert sein Deb\u00fct bei der Slowakischen Philharmonie feierte. W\u00e4hrend dieser Zeit sammelte er Erfahrung und neue Eindr\u00fccke in Kursen mit Daniel Barenboim, Gustavo Dudamel, Yakov Kreizberg, Fabio Luisi, Bertrand de Billy, G\u00fcnter Neuhold, Daniel Klajner und Bobby McFerrin.<br \/>\nN\u00e4here Informationen finden sie unter <a href=\"http:\/\/www.azis-sadikovic.com\">www.azis\u2011sadikovic.com<\/a><\/p>\n<hr \/>\n<p style=\"text-align: justify;\"><img loading=\"lazy\" decoding=\"async\" class=\"alignleft\" style=\"float: left;\" src=\"https:\/\/www.wienerwaldhornverein.at\/wp-content\/uploads\/2018\/08\/Martina_helfenschneider.jpg\" alt=\"\" width=\"102\" height=\"133\" \/>Name: <strong>Martina Helfenschneider<\/strong><br \/>\nPosition: Schriftf\u00fchrerin<\/p>\n<p style=\"text-align: justify;\">Geboren 1991 und geb\u00fcrtig aus der Steiermark schon mit 6 Jahren die musikalischen Ausbildung am Horn begonnen bei Gerhard St\u00fcckler in der Musikschule Friesach. 2009 folgte dann die Aufnahme und ein kurzer Exkurs ins Konzertfachstudium an der Musikuniversit\u00e4t Wien bei Prof. J\u00f6bstl. Kurze Zeit darauf das Studium f\u00fcr Instrumentalp\u00e4dagogik am Horn und Lehramt f\u00fcr Musikerziehung ebenfalls an der Musikuniversit\u00e4t Wien bei Prof. Bramb\u00f6ck.<br \/>\nSeitdem Mitwirkung in zahlreichen Ensembles und Orchestern, Hornlehrerin als Vertretung in der Musikschule Eggenburg und P\u00e4dagogin am Gymnasium Sacr\u00e9 Coeur Pressbaum f\u00fcr Musikerziehung.<\/p>\n<hr \/>\n<p style=\"text-align: justify;\"><img decoding=\"async\" class=\"alignleft\" style=\"float: left;\" src=\"https:\/\/wienerwaldhornverein.at\/Pictures\/Axel.jpg\" alt=\"\" \/>Name: <strong>Mag. Axel Peisteiner<\/strong><br \/>\nPosition: Kassier, Rechtsbeirat<\/p>\n<p style=\"text-align: justify;\">Studierte bei Prof. Roland Berger in Wien, Mitglied des Akademischen Symphonie Orchester Wien, regelm\u00e4\u00dfige Mitwirkung im Kammerorchester Joseph Haydn Eisenstadt, u.a. fr\u00fchere Substitutent\u00e4tigkeit in den B\u00fchnenorchestern der Wiener Staatsoper und der Volksoper, Konzertreisen im In- und Ausland. Magister iur seit 2001, LL.M (Northwestern University, Chicago, IL) seit 2004.<\/p>","protected":false},"excerpt":{"rendered":"<p>Name: Em. Prof. Mag. Albert Heitzinger Position: Pr\u00e4sident Albert Heitzinger wurde 1947 in Lambach (\u00d6sterreich) geboren. Erster Hornunterricht bei Prof. Erich Pizka am Linzer Bruckner-Konservatorium. Fortf\u00fchrung und Abschluss des Studiums bei Prof. Josef Veleba an der Hochschule f\u00fcr Musik und &hellip; <a href=\"https:\/\/wienerwaldhornverein.at\/en\/vorstand\/\">Continue reading <span class=\"meta-nav\">&rarr;<\/span><\/a><\/p>","protected":false},"author":1,"featured_media":0,"parent":0,"menu_order":0,"comment_status":"closed","ping_status":"closed","template":"","meta":{"footnotes":""},"class_list":["post-53","page","type-page","status-publish","hentry"],"_links":{"self":[{"href":"https:\/\/wienerwaldhornverein.at\/en\/wp-json\/wp\/v2\/pages\/53","targetHints":{"allow":["GET"]}}],"collection":[{"href":"https:\/\/wienerwaldhornverein.at\/en\/wp-json\/wp\/v2\/pages"}],"about":[{"href":"https:\/\/wienerwaldhornverein.at\/en\/wp-json\/wp\/v2\/types\/page"}],"author":[{"embeddable":true,"href":"https:\/\/wienerwaldhornverein.at\/en\/wp-json\/wp\/v2\/users\/1"}],"replies":[{"embeddable":true,"href":"https:\/\/wienerwaldhornverein.at\/en\/wp-json\/wp\/v2\/comments?post=53"}],"version-history":[{"count":37,"href":"https:\/\/wienerwaldhornverein.at\/en\/wp-json\/wp\/v2\/pages\/53\/revisions"}],"predecessor-version":[{"id":886,"href":"https:\/\/wienerwaldhornverein.at\/en\/wp-json\/wp\/v2\/pages\/53\/revisions\/886"}],"wp:attachment":[{"href":"https:\/\/wienerwaldhornverein.at\/en\/wp-json\/wp\/v2\/media?parent=53"}],"curies":[{"name":"wp","href":"https:\/\/api.w.org\/{rel}","templated":true}]}}